{"id":1084,"date":"2019-12-22T19:19:31","date_gmt":"2019-12-23T00:19:31","guid":{"rendered":"http:\/\/taxiwestisland.com\/?page_id=1084"},"modified":"2019-12-22T19:48:12","modified_gmt":"2019-12-23T00:48:12","slug":"bonjour","status":"publish","type":"page","link":"https:\/\/taxiwestisland.com\/fr\/bonjour\/","title":{"rendered":"Bonjour"},"content":{"rendered":"<p>[vc_row][vc_column width=\u00a0\u00bb1\/2&Prime;][vc_text_separator title=\u00a0\u00bbBonjour\u00a0\u00bb css_animation=\u00a0\u00bbfadeInLeft\u00a0\u00bb][vc_column_text]C&rsquo;est avec beaucoup d&rsquo;enthousiasme et de fiert\u00e9 que Coop Taxi de l&rsquo;Ouest annonce la r\u00e9alisation de son projet d&rsquo;habillage de 25 de ses voitures avec la signature visuelle \u00ab\u00a0<span style=\"color: #008000;\"><strong>BONJOUR<\/strong><\/span>\u00a0\u00bb de la ville de Montr\u00e9al.<br \/>\nLa r\u00e9alisation de ce projet est rendue possible gr\u00e2ce \u00e0 une contribution g\u00e9n\u00e9reuse du Minist\u00e8re des Transports du Qu\u00e9bec.<\/p>\n<h3>Merci MTQ<\/h3>\n<p>[\/vc_column_text][\/vc_column][vc_column width=\u00a0\u00bb1\/2&Prime;][vc_single_image image=\u00a0\u00bb976&Prime; img_size=\u00a0\u00bblarge\u00a0\u00bb alignment=\u00a0\u00bbcenter\u00a0\u00bb style=\u00a0\u00bbvc_box_shadow_border_circle\u00a0\u00bb css_animation=\u00a0\u00bbbounceInLeft\u00a0\u00bb][\/vc_column][\/vc_row]<\/p>","protected":false},"excerpt":{"rendered":"<p>[vc_row][vc_column width=\u00a0\u00bb1\/2&Prime;][vc_text_separator title=\u00a0\u00bbBonjour\u00a0\u00bb css_animation=\u00a0\u00bbfadeInLeft\u00a0\u00bb][vc_column_text]C&rsquo;est avec beaucoup d&rsquo;enthousiasme et de fiert\u00e9 que Coop Taxi de l&rsquo;Ouest annonce la r\u00e9alisation de son projet d&rsquo;habillage de 25 de ses voitures avec la signature visuelle \u00ab\u00a0BONJOUR\u00a0\u00bb de la ville de Montr\u00e9al. La r\u00e9alisation de ce projet est rendue possible gr\u00e2ce \u00e0 une contribution g\u00e9n\u00e9reuse du Minist\u00e8re des Transports du [&hellip;]<\/p>\n","protected":false},"author":1,"featured_media":0,"parent":0,"menu_order":0,"comment_status":"closed","ping_status":"closed","template":"","meta":[],"_links":{"self":[{"href":"https:\/\/taxiwestisland.com\/fr\/wp-json\/wp\/v2\/pages\/1084"}],"collection":[{"href":"https:\/\/taxiwestisland.com\/fr\/wp-json\/wp\/v2\/pages"}],"about":[{"href":"https:\/\/taxiwestisland.com\/fr\/wp-json\/wp\/v2\/types\/page"}],"author":[{"embeddable":true,"href":"https:\/\/taxiwestisland.com\/fr\/wp-json\/wp\/v2\/users\/1"}],"replies":[{"embeddable":true,"href":"https:\/\/taxiwestisland.com\/fr\/wp-json\/wp\/v2\/comments?post=1084"}],"version-history":[{"count":6,"href":"https:\/\/taxiwestisland.com\/fr\/wp-json\/wp\/v2\/pages\/1084\/revisions"}],"predecessor-version":[{"id":1091,"href":"https:\/\/taxiwestisland.com\/fr\/wp-json\/wp\/v2\/pages\/1084\/revisions\/1091"}],"wp:attachment":[{"href":"https:\/\/taxiwestisland.com\/fr\/wp-json\/wp\/v2\/media?parent=1084"}],"curies":[{"name":"wp","href":"https:\/\/api.w.org\/{rel}","templated":true}]}}