{"id":1346,"date":"2023-10-04T13:53:02","date_gmt":"2023-10-04T17:53:02","guid":{"rendered":"https:\/\/taxiwestisland.com\/?page_id=1346"},"modified":"2023-10-13T16:22:07","modified_gmt":"2023-10-13T20:22:07","slug":"booking","status":"publish","type":"page","link":"https:\/\/taxiwestisland.com\/fr\/booking\/","title":{"rendered":"R\u00e9servation"},"content":{"rendered":"<p>[vc_row][vc_column width=\u00a0\u00bb1\/2&Prime;][vc_column_text]<strong><u>R\u00e9servation<\/u><\/strong><\/p>\n<p>Nous garantissons un service rapide, courtois et professionnel dans un d\u00e9lai de dix minutes et nous traitons votre demande en priorit\u00e9. Nous offrons le service de r\u00e9servations pour l\u2019a\u00e9roport et le centre-ville 24 heures \u00e0 l\u2019avance. Nos t\u00e9l\u00e9phonistes sont form\u00e9s afin de r\u00e9pondre \u00e0 vos besoins.<\/p>\n<p><strong>R\u00e9servez d\u00e8s maintenant:<\/strong>[\/vc_column_text][vc_row_inner][vc_column_inner width=\u00a0\u00bb1\/3&Prime;][vc_btn title=\u00a0\u00bbAPPELEZ NOUS!\u00a0\u00bb style=\u00a0\u00bboutline-custom\u00a0\u00bb outline_custom_color=\u00a0\u00bb#36ad00&Prime; outline_custom_hover_background=\u00a0\u00bb#36ad00&Prime; outline_custom_hover_text=\u00a0\u00bb#ffffff\u00a0\u00bb shape=\u00a0\u00bbround\u00a0\u00bb size=\u00a0\u00bblg\u00a0\u00bb css_animation=\u00a0\u00bbfadeInRight\u00a0\u00bb link=\u00a0\u00bburl:tel%3A5146366666|||\u00a0\u00bb][\/vc_column_inner][vc_column_inner width=\u00a0\u00bb1\/3&Prime;][vc_btn title=\u00a0\u00bbR\u00e9servez avec l&rsquo;application Android\u00a0\u00bb style=\u00a0\u00bboutline-custom\u00a0\u00bb outline_custom_color=\u00a0\u00bb#36ad00&Prime; outline_custom_hover_background=\u00a0\u00bb#36ad00&Prime; outline_custom_hover_text=\u00a0\u00bb#ffffff\u00a0\u00bb shape=\u00a0\u00bbround\u00a0\u00bb size=\u00a0\u00bblg\u00a0\u00bb css_animation=\u00a0\u00bbfadeInRight\u00a0\u00bb link=\u00a0\u00bburl:https%3A%2F%2Fplay.google.com%2Fstore%2Fapps%2Fdetails%3Fid%3Dca.skex.taxicoop5191%26pcampaignid%3Dweb_share|||\u00a0\u00bb][\/vc_column_inner][vc_column_inner width=\u00a0\u00bb1\/3&Prime;][vc_btn title=\u00a0\u00bbR\u00e9servez avec l&rsquo;application Apple\u00a0\u00bb style=\u00a0\u00bboutline-custom\u00a0\u00bb outline_custom_color=\u00a0\u00bb#36ad00&Prime; outline_custom_hover_background=\u00a0\u00bb#36ad00&Prime; outline_custom_hover_text=\u00a0\u00bb#ffffff\u00a0\u00bb shape=\u00a0\u00bbround\u00a0\u00bb size=\u00a0\u00bblg\u00a0\u00bb css_animation=\u00a0\u00bbfadeInRight\u00a0\u00bb link=\u00a0\u00bburl:https%3A%2F%2Fapps.apple.com%2Fca%2Fapp%2Ftaxi-coop%2Fid712357896|||\u00a0\u00bb][\/vc_column_inner][\/vc_row_inner][\/vc_column][vc_column width=\u00a0\u00bb1\/2&Prime;][vc_single_image image=\u00a0\u00bb1148&Prime; img_size=\u00a0\u00bbmedium\u00a0\u00bb alignment=\u00a0\u00bbcenter\u00a0\u00bb style=\u00a0\u00bbvc_box_rounded\u00a0\u00bb css_animation=\u00a0\u00bbbounceInRight\u00a0\u00bb][\/vc_column][\/vc_row][vc_row][vc_column][vc_raw_html]JTNDaWZyYW1lJTIwc3JjJTNEJTIyaHR0cHMlM0ElMkYlMkZ3d3cuZ29vZ2xlLmNvbSUyRm1hcHMlMkZkJTJGZW1iZWQlM0ZtaWQlM0QxU0RDRGlhT0QzUDNNSk1Hb3k3Z3RodUVDNkxReUREM2glMjIlMjB3aWR0aCUzRCUyMjEyNDAlMjIlMjBoZWlnaHQlM0QlMjI2ODAlMjIlM0UlM0MlMkZpZnJhbWUlM0UlMEE=[\/vc_raw_html][\/vc_column][\/vc_row]<\/p>","protected":false},"excerpt":{"rendered":"<p>[vc_row][vc_column width=\u00a0\u00bb1\/2&Prime;][vc_column_text]R\u00e9servation Nous garantissons un service rapide, courtois et professionnel dans un d\u00e9lai de dix minutes et nous traitons votre demande en priorit\u00e9. Nous offrons le service de r\u00e9servations pour l\u2019a\u00e9roport et le centre-ville 24 heures \u00e0 l\u2019avance. Nos t\u00e9l\u00e9phonistes sont form\u00e9s afin de r\u00e9pondre \u00e0 vos besoins. R\u00e9servez d\u00e8s maintenant:[\/vc_column_text][vc_row_inner][vc_column_inner width=\u00a0\u00bb1\/3&Prime;][vc_btn title=\u00a0\u00bbAPPELEZ NOUS!\u00a0\u00bb style=\u00a0\u00bboutline-custom\u00a0\u00bb [&hellip;]<\/p>\n","protected":false},"author":5,"featured_media":0,"parent":0,"menu_order":0,"comment_status":"closed","ping_status":"closed","template":"","meta":[],"_links":{"self":[{"href":"https:\/\/taxiwestisland.com\/fr\/wp-json\/wp\/v2\/pages\/1346"}],"collection":[{"href":"https:\/\/taxiwestisland.com\/fr\/wp-json\/wp\/v2\/pages"}],"about":[{"href":"https:\/\/taxiwestisland.com\/fr\/wp-json\/wp\/v2\/types\/page"}],"author":[{"embeddable":true,"href":"https:\/\/taxiwestisland.com\/fr\/wp-json\/wp\/v2\/users\/5"}],"replies":[{"embeddable":true,"href":"https:\/\/taxiwestisland.com\/fr\/wp-json\/wp\/v2\/comments?post=1346"}],"version-history":[{"count":14,"href":"https:\/\/taxiwestisland.com\/fr\/wp-json\/wp\/v2\/pages\/1346\/revisions"}],"predecessor-version":[{"id":1681,"href":"https:\/\/taxiwestisland.com\/fr\/wp-json\/wp\/v2\/pages\/1346\/revisions\/1681"}],"wp:attachment":[{"href":"https:\/\/taxiwestisland.com\/fr\/wp-json\/wp\/v2\/media?parent=1346"}],"curies":[{"name":"wp","href":"https:\/\/api.w.org\/{rel}","templated":true}]}}