{"id":1414,"date":"2023-10-04T12:53:38","date_gmt":"2023-10-04T16:53:38","guid":{"rendered":"https:\/\/taxiwestisland.com\/?page_id=1414"},"modified":"2023-10-04T13:25:20","modified_gmt":"2023-10-04T17:25:20","slug":"car-battery-boost","status":"publish","type":"page","link":"https:\/\/taxiwestisland.com\/fr\/car-battery-boost\/","title":{"rendered":"Survoltage de batterie"},"content":{"rendered":"<p><\/p>\n<p>[vc_row][vc_column width=\u00a0\u00bb1\/2&Prime;][vc_column_text]<strong><u>Service de survoltage de batterie<br \/>\n<\/u><\/strong>Votre voiture ne d\u00e9marre pas? La Coop Taxi de l\u2019Ouest vient \u00e0 votre rescousse. Nos conducteurs exp\u00e9riment\u00e9s vous aideront \u00e0 remettre votre voiture en marche.\u00a0 Le co\u00fbt du service est de 30 $ dollars et est offert \u00e0 longueur d\u2019ann\u00e9e.<\/p>\n<p><span style=\"font-size: inherit;\"><strong>Communiquez avec nous pour en savoir plus:<\/strong>[\/vc_column_text][vc_row_inner][vc_column_inner width=\u00a0\u00bb1\/3&Prime;][vc_btn title=\u00a0\u00bbAPPELEZ NOUS!\u00a0\u00bb style=\u00a0\u00bboutline-custom\u00a0\u00bb outline_custom_color=\u00a0\u00bb#36ad00&Prime; outline_custom_hover_background=\u00a0\u00bb#36ad00&Prime; outline_custom_hover_text=\u00a0\u00bb#ffffff\u00a0\u00bb shape=\u00a0\u00bbround\u00a0\u00bb size=\u00a0\u00bblg\u00a0\u00bb css_animation=\u00a0\u00bbfadeInRight\u00a0\u00bb link=\u00a0\u00bburl:tel%3A5146366666|||\u00a0\u00bb][\/vc_column_inner][vc_column_inner width=\u00a0\u00bb1\/2&Prime;][vc_btn title=\u00a0\u00bbCourriel\u00a0\u00bb style=\u00a0\u00bboutline-custom\u00a0\u00bb outline_custom_color=\u00a0\u00bb#36ad00&Prime; outline_custom_hover_background=\u00a0\u00bb#36ad00&Prime; outline_custom_hover_text=\u00a0\u00bb#ffffff\u00a0\u00bb shape=\u00a0\u00bbround\u00a0\u00bb size=\u00a0\u00bblg\u00a0\u00bb css_animation=\u00a0\u00bbfadeInRight\u00a0\u00bb link=\u00a0\u00bburl:mailto%3Ainfo%40cooptaxi.com|||\u00a0\u00bb][\/vc_column_inner][\/vc_row_inner][\/vc_column][vc_column width=\u00a0\u00bb1\/2&Prime;][vc_single_image image=\u00a0\u00bb891&Prime; img_size=\u00a0\u00bblarge\u00a0\u00bb alignment=\u00a0\u00bbcenter\u00a0\u00bb style=\u00a0\u00bbvc_box_shadow_circle\u00a0\u00bb css_animation=\u00a0\u00bbbounceInRight\u00a0\u00bb][\/vc_column][\/vc_row]<\/span><\/p>\n<p><\/p>","protected":false},"excerpt":{"rendered":"<p>[vc_row][vc_column width=\u00a0\u00bb1\/2&Prime;][vc_column_text]Service de survoltage de batterie Votre voiture ne d\u00e9marre pas? La Coop Taxi de l\u2019Ouest vient \u00e0 votre rescousse. Nos conducteurs exp\u00e9riment\u00e9s vous aideront \u00e0 remettre votre voiture en marche.\u00a0 Le co\u00fbt du service est de 30 $ dollars et est offert \u00e0 longueur d\u2019ann\u00e9e. Communiquez avec nous pour en savoir plus:[\/vc_column_text][vc_row_inner][vc_column_inner width=\u00a0\u00bb1\/3&Prime;][vc_btn title=\u00a0\u00bbAPPELEZ [&hellip;]<\/p>\n","protected":false},"author":5,"featured_media":0,"parent":0,"menu_order":0,"comment_status":"closed","ping_status":"closed","template":"","meta":[],"_links":{"self":[{"href":"https:\/\/taxiwestisland.com\/fr\/wp-json\/wp\/v2\/pages\/1414"}],"collection":[{"href":"https:\/\/taxiwestisland.com\/fr\/wp-json\/wp\/v2\/pages"}],"about":[{"href":"https:\/\/taxiwestisland.com\/fr\/wp-json\/wp\/v2\/types\/page"}],"author":[{"embeddable":true,"href":"https:\/\/taxiwestisland.com\/fr\/wp-json\/wp\/v2\/users\/5"}],"replies":[{"embeddable":true,"href":"https:\/\/taxiwestisland.com\/fr\/wp-json\/wp\/v2\/comments?post=1414"}],"version-history":[{"count":4,"href":"https:\/\/taxiwestisland.com\/fr\/wp-json\/wp\/v2\/pages\/1414\/revisions"}],"predecessor-version":[{"id":1457,"href":"https:\/\/taxiwestisland.com\/fr\/wp-json\/wp\/v2\/pages\/1414\/revisions\/1457"}],"wp:attachment":[{"href":"https:\/\/taxiwestisland.com\/fr\/wp-json\/wp\/v2\/media?parent=1414"}],"curies":[{"name":"wp","href":"https:\/\/api.w.org\/{rel}","templated":true}]}}