{"id":1425,"date":"2023-10-04T12:55:13","date_gmt":"2023-10-04T16:55:13","guid":{"rendered":"https:\/\/taxiwestisland.com\/?page_id=1425"},"modified":"2023-10-04T13:27:58","modified_gmt":"2023-10-04T17:27:58","slug":"door-unlocking","status":"publish","type":"page","link":"https:\/\/taxiwestisland.com\/fr\/door-unlocking\/","title":{"rendered":"D\u00e9verrouillage de portes"},"content":{"rendered":"<p><\/p>\n<p>[vc_row][vc_column width=\u00a0\u00bb1\/2&Prime;][vc_column_text]<strong><u>D\u00e9verrouillage des porti\u00e8res ( Slim Jim)<br \/>\n<\/u><\/strong>Enferm\u00e9 \u00e0 l\u2019ext\u00e9rieur de votre v\u00e9hicule ? Pas de probl\u00e8me, la coop taxi de l\u2019ouest est l\u00e0 pour vous aider ! Confiez-nous la t\u00e2che et votre v\u00e9hicule sera d\u00e9verrouill\u00e9 sous peu.\u00a0Le co\u00fbt du service pour une auto est 40$ dollars et pour un camion 60$. Le service est offert en tout temps.<\/p>\n<p><strong>Communiquez avec nous pour en savoir plus:<\/strong>[\/vc_column_text][vc_row_inner][vc_column_inner width=\u00a0\u00bb1\/3&Prime;][vc_btn title=\u00a0\u00bbAPPELEZ NOUS!\u00a0\u00bb style=\u00a0\u00bboutline-custom\u00a0\u00bb outline_custom_color=\u00a0\u00bb#36ad00&Prime; outline_custom_hover_background=\u00a0\u00bb#36ad00&Prime; outline_custom_hover_text=\u00a0\u00bb#ffffff\u00a0\u00bb shape=\u00a0\u00bbround\u00a0\u00bb size=\u00a0\u00bblg\u00a0\u00bb css_animation=\u00a0\u00bbfadeInRight\u00a0\u00bb link=\u00a0\u00bburl:tel%3A5146366666|||\u00a0\u00bb][\/vc_column_inner][vc_column_inner width=\u00a0\u00bb1\/2&Prime;][vc_btn title=\u00a0\u00bbCourriel\u00a0\u00bb style=\u00a0\u00bboutline-custom\u00a0\u00bb outline_custom_color=\u00a0\u00bb#36ad00&Prime; outline_custom_hover_background=\u00a0\u00bb#36ad00&Prime; outline_custom_hover_text=\u00a0\u00bb#ffffff\u00a0\u00bb shape=\u00a0\u00bbround\u00a0\u00bb size=\u00a0\u00bblg\u00a0\u00bb css_animation=\u00a0\u00bbfadeInRight\u00a0\u00bb link=\u00a0\u00bburl:mailto%3Ainfo%40cooptaxi.com|||\u00a0\u00bb][\/vc_column_inner][\/vc_row_inner][\/vc_column][vc_column width=\u00a0\u00bb1\/2&Prime;][vc_single_image image=\u00a0\u00bb67&Prime; img_size=\u00a0\u00bblarge\u00a0\u00bb alignment=\u00a0\u00bbcenter\u00a0\u00bb style=\u00a0\u00bbvc_box_shadow_circle\u00a0\u00bb css_animation=\u00a0\u00bbbounceInRight\u00a0\u00bb][\/vc_column][\/vc_row]<\/p>\n<p><\/p>","protected":false},"excerpt":{"rendered":"<p>[vc_row][vc_column width=\u00a0\u00bb1\/2&Prime;][vc_column_text]D\u00e9verrouillage des porti\u00e8res ( Slim Jim) Enferm\u00e9 \u00e0 l\u2019ext\u00e9rieur de votre v\u00e9hicule ? Pas de probl\u00e8me, la coop taxi de l\u2019ouest est l\u00e0 pour vous aider ! Confiez-nous la t\u00e2che et votre v\u00e9hicule sera d\u00e9verrouill\u00e9 sous peu.\u00a0Le co\u00fbt du service pour une auto est 40$ dollars et pour un camion 60$. Le service est [&hellip;]<\/p>\n","protected":false},"author":5,"featured_media":0,"parent":0,"menu_order":0,"comment_status":"closed","ping_status":"closed","template":"","meta":[],"_links":{"self":[{"href":"https:\/\/taxiwestisland.com\/fr\/wp-json\/wp\/v2\/pages\/1425"}],"collection":[{"href":"https:\/\/taxiwestisland.com\/fr\/wp-json\/wp\/v2\/pages"}],"about":[{"href":"https:\/\/taxiwestisland.com\/fr\/wp-json\/wp\/v2\/types\/page"}],"author":[{"embeddable":true,"href":"https:\/\/taxiwestisland.com\/fr\/wp-json\/wp\/v2\/users\/5"}],"replies":[{"embeddable":true,"href":"https:\/\/taxiwestisland.com\/fr\/wp-json\/wp\/v2\/comments?post=1425"}],"version-history":[{"count":4,"href":"https:\/\/taxiwestisland.com\/fr\/wp-json\/wp\/v2\/pages\/1425\/revisions"}],"predecessor-version":[{"id":1460,"href":"https:\/\/taxiwestisland.com\/fr\/wp-json\/wp\/v2\/pages\/1425\/revisions\/1460"}],"wp:attachment":[{"href":"https:\/\/taxiwestisland.com\/fr\/wp-json\/wp\/v2\/media?parent=1425"}],"curies":[{"name":"wp","href":"https:\/\/api.w.org\/{rel}","templated":true}]}}