{"id":1723,"date":"2023-12-06T18:27:06","date_gmt":"2023-12-06T23:27:06","guid":{"rendered":"https:\/\/taxiwestisland.com\/?page_id=1723"},"modified":"2023-12-06T18:35:22","modified_gmt":"2023-12-06T23:35:22","slug":"linktree","status":"publish","type":"page","link":"https:\/\/taxiwestisland.com\/fr\/linktree\/","title":{"rendered":"Linktree"},"content":{"rendered":"<p class=\"qtranxs-available-languages-message qtranxs-available-languages-message-fr\">D\u00e9sol\u00e9, cet article est seulement disponible en <a href=\"https:\/\/taxiwestisland.com\/en\/wp-json\/wp\/v2\/pages\/1723\" class=\"qtranxs-available-language-link qtranxs-available-language-link-en\" title=\"English\">Anglais Am\u00e9ricain<\/a>.<\/p>","protected":false},"excerpt":{"rendered":"<p>D\u00e9sol\u00e9, cet article est seulement disponible en Anglais Am\u00e9ricain.<\/p>\n","protected":false},"author":5,"featured_media":0,"parent":0,"menu_order":0,"comment_status":"closed","ping_status":"closed","template":"","meta":[],"_links":{"self":[{"href":"https:\/\/taxiwestisland.com\/fr\/wp-json\/wp\/v2\/pages\/1723"}],"collection":[{"href":"https:\/\/taxiwestisland.com\/fr\/wp-json\/wp\/v2\/pages"}],"about":[{"href":"https:\/\/taxiwestisland.com\/fr\/wp-json\/wp\/v2\/types\/page"}],"author":[{"embeddable":true,"href":"https:\/\/taxiwestisland.com\/fr\/wp-json\/wp\/v2\/users\/5"}],"replies":[{"embeddable":true,"href":"https:\/\/taxiwestisland.com\/fr\/wp-json\/wp\/v2\/comments?post=1723"}],"version-history":[{"count":7,"href":"https:\/\/taxiwestisland.com\/fr\/wp-json\/wp\/v2\/pages\/1723\/revisions"}],"predecessor-version":[{"id":1731,"href":"https:\/\/taxiwestisland.com\/fr\/wp-json\/wp\/v2\/pages\/1723\/revisions\/1731"}],"wp:attachment":[{"href":"https:\/\/taxiwestisland.com\/fr\/wp-json\/wp\/v2\/media?parent=1723"}],"curies":[{"name":"wp","href":"https:\/\/api.w.org\/{rel}","templated":true}]}}