{"id":25,"date":"2017-05-17T20:05:52","date_gmt":"2017-05-17T20:05:52","guid":{"rendered":"http:\/\/v2.taxiwestisland.com\/?page_id=25"},"modified":"2023-09-25T11:39:16","modified_gmt":"2023-09-25T15:39:16","slug":"contact","status":"publish","type":"page","link":"https:\/\/taxiwestisland.com\/fr\/contact\/","title":{"rendered":"Contact"},"content":{"rendered":"<p>[vc_row][vc_column width=\u00a0\u00bb1\/2&Prime;]<div class=\"heading  spanned\" id=\"like_sc_header_1557242454\"><h4>HEURES D&#039;OUVERTURE:<\/h4><h2>24\/7<\/h2><\/div>[vc_column_text]Laissez-nous vous transporter en toute confiance, nous disposons des voitures les plus r\u00e9centes, les plus fiables et les plus s\u00fbres pour r\u00e9pondre \u00e0 vos besoins.[\/vc_column_text]<div class=\"align-default\"><ul class=\"social-icons-list\"><li class=\"large\"><span class=\"fa fa-phone\"><\/span>(514) 636-6666<\/li><li class=\"\"><span class=\"fa fa-skype\"><\/span>CoopTaxi De l&#039;Ouest<\/li><li class=\"\"><span class=\"fa fa-map-marker\"><\/span>570 Avenue Marshall, Dorval, QC H9P 1C9<\/li><\/ul><\/div>[vc_column_text css=\u00a0\u00bb.vc_custom_1495603019590{margin-bottom: 10px !important;padding-bottom: 0px !important;}\u00a0\u00bb]<strong>Social:<\/strong>[\/vc_column_text]<div class=\"align-default\"><ul class=\"social-big\"><li><a href=\"https:\/\/www.facebook.com\/cooptaxidelouest\" class=\"fa fa-facebook\"><\/a><\/li><li><a href=\"#\" class=\"fa fa-twitter\"><\/a><\/li><li><a href=\"#\" class=\"fa fa-youtube\"><\/a><\/li><li><a href=\"#\" class=\"fa fa-instagram\"><\/a><\/li><\/ul><\/div>[vc_empty_space height=\u00a0\u00bb16px\u00a0\u00bb][vc_column_text]La r\u00e9servation en ligne est en cours d&rsquo;\u00e9laboration.<br \/>\nPour r\u00e9server un taxi, veuillez appeler :<br \/>\n[\/vc_column_text][vc_btn title=\u00a0\u00bbAPPELEZ NOUS!\u00a0\u00bb style=\u00a0\u00bboutline-custom\u00a0\u00bb outline_custom_color=\u00a0\u00bb#36ad00&Prime; outline_custom_hover_background=\u00a0\u00bb#36ad00&Prime; outline_custom_hover_text=\u00a0\u00bb#ffffff\u00a0\u00bb shape=\u00a0\u00bbround\u00a0\u00bb size=\u00a0\u00bblg\u00a0\u00bb css_animation=\u00a0\u00bbfadeInRight\u00a0\u00bb link=\u00a0\u00bburl:tel%3A5146366666|||\u00a0\u00bb][\/vc_column][vc_column width=\u00a0\u00bb1\/2&Prime; bg_color=\u00a0\u00bbgray\u00a0\u00bb][vc_empty_space height=\u00a0\u00bb80px\u00a0\u00bb]<div class=\"heading  align-center\" id=\"like_sc_header_1528504729\"><h3>ENVOYER UN MESSAGE<\/h3><p class=\"header-text\">Tous les messages seront trait\u00e9s entre 9 h et 16 h 30, du lundi au vendredi. Pour une r\u00e9ponse imm\u00e9diate, veuillez appeler le (514) 636-6666.<\/p><\/div><div role=\"form\" class=\"wpcf7\" id=\"wpcf7-f200-o2\" lang=\"en-US\" dir=\"ltr\">\n<div class=\"screen-reader-response\"><\/div>\n<form action=\"\/fr\/wp-json\/wp\/v2\/pages\/25#wpcf7-f200-o2\" method=\"post\" class=\"wpcf7-form\" novalidate=\"novalidate\">\n<div style=\"display: none;\">\n<input type=\"hidden\" name=\"_wpcf7\" value=\"200\" \/>\n<input type=\"hidden\" name=\"_wpcf7_version\" value=\"4.9.2\" \/>\n<input type=\"hidden\" name=\"_wpcf7_locale\" value=\"en_US\" \/>\n<input type=\"hidden\" name=\"_wpcf7_unit_tag\" value=\"wpcf7-f200-o2\" \/>\n<input type=\"hidden\" name=\"_wpcf7_container_post\" value=\"0\" \/>\n<\/div>\n<p><label> Votre Nom *<br \/>\n    <span class=\"wpcf7-form-control-wrap Votre-Nom\"><input type=\"text\" name=\"Votre-Nom\" value=\"\" size=\"40\" class=\"wpcf7-form-control wpcf7-text wpcf7-validates-as-required\" aria-required=\"true\" aria-invalid=\"false\" \/><\/span> <\/label><br \/>\n<label> Votre Courriel *<br \/>\n    <span class=\"wpcf7-form-control-wrap Votre-Courriel\"><input type=\"email\" name=\"Votre-Courriel\" value=\"\" size=\"40\" class=\"wpcf7-form-control wpcf7-text wpcf7-email wpcf7-validates-as-required wpcf7-validates-as-email\" aria-required=\"true\" aria-invalid=\"false\" \/><\/span> <\/label><br \/>\n<label> Message *<br \/>\n    <span class=\"wpcf7-form-control-wrap Votre-message\"><textarea name=\"Votre-message\" cols=\"40\" rows=\"10\" class=\"wpcf7-form-control wpcf7-textarea\" aria-invalid=\"false\"><\/textarea><\/span> <\/label><br \/>\n<input type=\"submit\" value=\"Envoyer\" class=\"wpcf7-form-control wpcf7-submit\" \/><\/p>\n<div class=\"wpcf7-response-output wpcf7-display-none\"><\/div><\/form><\/div>[\/vc_column][vc_column][vc_empty_space height=\u00a0\u00bb80px\u00a0\u00bb][\/vc_column][\/vc_row][vc_row full_width=\u00a0\u00bbstretch_row_content_no_spaces\u00a0\u00bb][vc_column]<div  id=\"like_sc_google_maps_7136489\" class=\"like-google-maps\" data-style=\"default\" data-lng=\"-73.736756\" data-lat=\"45.451313\" data-zoom=\"11\" style=\"width: 100%; height: 750px;\"><\/div>[\/vc_column][\/vc_row][vc_row][vc_column][vc_column_text]<\/p>","protected":false},"excerpt":{"rendered":"<p>[vc_row][vc_column width=\u00a0\u00bb1\/2&Prime;][vc_column_text]Laissez-nous vous transporter en toute confiance, nous disposons des voitures les plus r\u00e9centes, les plus fiables et les plus s\u00fbres pour r\u00e9pondre \u00e0 vos besoins.[\/vc_column_text][vc_column_text css=\u00a0\u00bb.vc_custom_1495603019590{margin-bottom: 10px !important;padding-bottom: 0px !important;}\u00a0\u00bb]Social:[\/vc_column_text][vc_empty_space height=\u00a0\u00bb16px\u00a0\u00bb][vc_column_text]La r\u00e9servation en ligne est en cours d&rsquo;\u00e9laboration. Pour r\u00e9server un taxi, veuillez appeler : [\/vc_column_text][vc_btn title=\u00a0\u00bbAPPELEZ NOUS!\u00a0\u00bb style=\u00a0\u00bboutline-custom\u00a0\u00bb outline_custom_color=\u00a0\u00bb#36ad00&Prime; outline_custom_hover_background=\u00a0\u00bb#36ad00&Prime; outline_custom_hover_text=\u00a0\u00bb#ffffff\u00a0\u00bb shape=\u00a0\u00bbround\u00a0\u00bb size=\u00a0\u00bblg\u00a0\u00bb [&hellip;]<\/p>\n","protected":false},"author":1,"featured_media":0,"parent":0,"menu_order":0,"comment_status":"closed","ping_status":"closed","template":"","meta":[],"_links":{"self":[{"href":"https:\/\/taxiwestisland.com\/fr\/wp-json\/wp\/v2\/pages\/25"}],"collection":[{"href":"https:\/\/taxiwestisland.com\/fr\/wp-json\/wp\/v2\/pages"}],"about":[{"href":"https:\/\/taxiwestisland.com\/fr\/wp-json\/wp\/v2\/types\/page"}],"author":[{"embeddable":true,"href":"https:\/\/taxiwestisland.com\/fr\/wp-json\/wp\/v2\/users\/1"}],"replies":[{"embeddable":true,"href":"https:\/\/taxiwestisland.com\/fr\/wp-json\/wp\/v2\/comments?post=25"}],"version-history":[{"count":87,"href":"https:\/\/taxiwestisland.com\/fr\/wp-json\/wp\/v2\/pages\/25\/revisions"}],"predecessor-version":[{"id":1315,"href":"https:\/\/taxiwestisland.com\/fr\/wp-json\/wp\/v2\/pages\/25\/revisions\/1315"}],"wp:attachment":[{"href":"https:\/\/taxiwestisland.com\/fr\/wp-json\/wp\/v2\/media?parent=25"}],"curies":[{"name":"wp","href":"https:\/\/api.w.org\/{rel}","templated":true}]}}