{"id":868,"date":"2018-01-13T16:50:42","date_gmt":"2018-01-13T21:50:42","guid":{"rendered":"http:\/\/v2.taxiwestisland.com\/?page_id=868"},"modified":"2023-05-29T23:58:50","modified_gmt":"2023-05-30T03:58:50","slug":"mandat-valeurs","status":"publish","type":"page","link":"https:\/\/taxiwestisland.com\/fr\/mandat-valeurs\/","title":{"rendered":"Notre mandat et nos valeurs"},"content":{"rendered":"<p>[vc_row][vc_column width=\u00a0\u00bb1\/2&Prime;][vc_column_text css_animation=\u00a0\u00bbzoomIn\u00a0\u00bb]<\/p>\n<p class=\"western\"><span lang=\"en-CA\"><u><b>Notre mandat et nos valeurs<\/b><\/u><\/span><\/p>\n<p class=\"western\">Depuis 1973, Coop Taxi de l\u2019Ouest<i> <\/i>r\u00e9pond aux besoins quotidiens en mati\u00e8re de transport dans l\u2019Ouest de Montr\u00e9al en desservant plus de 1,5 millions de passagers par ann\u00e9e. Notre coop\u00e9rative est r\u00e9gie par un code d\u2019\u00e9thique approuv\u00e9 par 220 membres sur une base annuelle. Notre premi\u00e8re priorit\u00e9 est de renforcer cette charte de la qualit\u00e9 en tant qu\u2019engagement envers notre client\u00e8le sans cesse grandissante. La Coop de l\u2019Ouest r\u00e9alise que la qualit\u00e9 de service est la seule plus-value qui compte pour le client qui a le choix d\u2019obtenir le m\u00eame service offert par diff\u00e9rentes compagnies. Nous cherchons constamment\u00a0 am\u00e9liorer la qualit\u00e9 de nos services pour mieux r\u00e9pondre aux besoins des clients.<br \/>\n<strong>La Coop de Taxi de l\u2019Ouest avec 60% des taxis hybrides de sa flotte contribue au projet ROULEZ VERT et vise \u00e0 remplacer graduellement les v\u00e9hicules \u00e0 essence par des voitures \u00e9lectriques, hybrides ou au propane.<\/strong><\/p>\n<p class=\"western\">A Coop Taxi de l\u2019Ouest, les membres sont personnellement responsables de leur engagement envers les clients.<\/p>\n<p>[\/vc_column_text][\/vc_column][vc_column width=\u00a0\u00bb1\/2&Prime;][vc_single_image image=\u00a0\u00bb857&Prime; img_size=\u00a0\u00bblarge\u00a0\u00bb alignment=\u00a0\u00bbcenter\u00a0\u00bb css_animation=\u00a0\u00bbbounceInLeft\u00a0\u00bb][\/vc_column][\/vc_row]<\/p>","protected":false},"excerpt":{"rendered":"<p>[vc_row][vc_column width=\u00a0\u00bb1\/2&Prime;][vc_column_text css_animation=\u00a0\u00bbzoomIn\u00a0\u00bb] Notre mandat et nos valeurs Depuis 1973, Coop Taxi de l\u2019Ouest r\u00e9pond aux besoins quotidiens en mati\u00e8re de transport dans l\u2019Ouest de Montr\u00e9al en desservant plus de 1,5 millions de passagers par ann\u00e9e. Notre coop\u00e9rative est r\u00e9gie par un code d\u2019\u00e9thique approuv\u00e9 par 220 membres sur une base annuelle. Notre premi\u00e8re priorit\u00e9 [&hellip;]<\/p>\n","protected":false},"author":1,"featured_media":0,"parent":0,"menu_order":0,"comment_status":"closed","ping_status":"closed","template":"","meta":[],"_links":{"self":[{"href":"https:\/\/taxiwestisland.com\/fr\/wp-json\/wp\/v2\/pages\/868"}],"collection":[{"href":"https:\/\/taxiwestisland.com\/fr\/wp-json\/wp\/v2\/pages"}],"about":[{"href":"https:\/\/taxiwestisland.com\/fr\/wp-json\/wp\/v2\/types\/page"}],"author":[{"embeddable":true,"href":"https:\/\/taxiwestisland.com\/fr\/wp-json\/wp\/v2\/users\/1"}],"replies":[{"embeddable":true,"href":"https:\/\/taxiwestisland.com\/fr\/wp-json\/wp\/v2\/comments?post=868"}],"version-history":[{"count":9,"href":"https:\/\/taxiwestisland.com\/fr\/wp-json\/wp\/v2\/pages\/868\/revisions"}],"predecessor-version":[{"id":1151,"href":"https:\/\/taxiwestisland.com\/fr\/wp-json\/wp\/v2\/pages\/868\/revisions\/1151"}],"wp:attachment":[{"href":"https:\/\/taxiwestisland.com\/fr\/wp-json\/wp\/v2\/media?parent=868"}],"curies":[{"name":"wp","href":"https:\/\/api.w.org\/{rel}","templated":true}]}}