{"id":878,"date":"2018-01-13T17:42:18","date_gmt":"2018-01-13T22:42:18","guid":{"rendered":"http:\/\/v2.taxiwestisland.com\/?page_id=878"},"modified":"2023-10-04T13:13:04","modified_gmt":"2023-10-04T17:13:04","slug":"city-tours","status":"publish","type":"page","link":"https:\/\/taxiwestisland.com\/fr\/city-tours\/","title":{"rendered":"Tour de ville"},"content":{"rendered":"<p>[vc_row][vc_column width=\u00a0\u00bb1\/2&Prime;][vc_column_text css_animation=\u00a0\u00bblightSpeedIn\u00a0\u00bb]<\/p>\n<p class=\"western\"><u><b>Tour de ville<\/b><\/u><\/p>\n<p class=\"western\">Montr\u00e9al se classe constamment parmi les villes les plus pris\u00e9es au monde! Nos conducteurs professionnels effectuent des centaines de tours de ville par ann\u00e9e pour des groupes de visiteurs du monde entier. Si vous visitez Montr\u00e9al et que vous d\u00e9sirez faire un tour comme de vrais Montr\u00e9alais, laissez-nous vous montrer les meilleurs endroits qui font le style de Montr\u00e9al.<\/p>\n<p class=\"western\">Si vous ou vos invit\u00e9s souhaitez appr\u00e9cier le luxe d&rsquo;une visite priv\u00e9e de la ville, s&rsquo;il vous pla\u00eet laissez-nous savoir en nous contactant ici:<\/p>\n<p>[\/vc_column_text][vc_row_inner][vc_column_inner width=\u00a0\u00bb1\/3&Prime;][vc_btn title=\u00a0\u00bbAPPELEZ NOUS!\u00a0\u00bb style=\u00a0\u00bboutline-custom\u00a0\u00bb outline_custom_color=\u00a0\u00bb#36ad00&Prime; outline_custom_hover_background=\u00a0\u00bb#36ad00&Prime; outline_custom_hover_text=\u00a0\u00bb#ffffff\u00a0\u00bb shape=\u00a0\u00bbround\u00a0\u00bb size=\u00a0\u00bblg\u00a0\u00bb css_animation=\u00a0\u00bbfadeInRight\u00a0\u00bb link=\u00a0\u00bburl:tel%3A5146366666|||\u00a0\u00bb][\/vc_column_inner][vc_column_inner width=\u00a0\u00bb1\/2&Prime;][vc_btn title=\u00a0\u00bbCourriel\u00a0\u00bb style=\u00a0\u00bboutline-custom\u00a0\u00bb outline_custom_color=\u00a0\u00bb#36ad00&Prime; outline_custom_hover_background=\u00a0\u00bb#36ad00&Prime; outline_custom_hover_text=\u00a0\u00bb#ffffff\u00a0\u00bb shape=\u00a0\u00bbround\u00a0\u00bb size=\u00a0\u00bblg\u00a0\u00bb css_animation=\u00a0\u00bbfadeInRight\u00a0\u00bb link=\u00a0\u00bburl:mailto%3Ainfo%40cooptaxi.com|||\u00a0\u00bb][\/vc_column_inner][\/vc_row_inner][\/vc_column][vc_column width=\u00a0\u00bb1\/2&Prime;][vc_single_image image=\u00a0\u00bb976&Prime; img_size=\u00a0\u00bblarge\u00a0\u00bb alignment=\u00a0\u00bbcenter\u00a0\u00bb style=\u00a0\u00bbvc_box_circle\u00a0\u00bb css_animation=\u00a0\u00bbfadeInUp\u00a0\u00bb][\/vc_column][\/vc_row]<\/p>","protected":false},"excerpt":{"rendered":"<p>[vc_row][vc_column width=\u00a0\u00bb1\/2&Prime;][vc_column_text css_animation=\u00a0\u00bblightSpeedIn\u00a0\u00bb] Tour de ville Montr\u00e9al se classe constamment parmi les villes les plus pris\u00e9es au monde! Nos conducteurs professionnels effectuent des centaines de tours de ville par ann\u00e9e pour des groupes de visiteurs du monde entier. Si vous visitez Montr\u00e9al et que vous d\u00e9sirez faire un tour comme de vrais Montr\u00e9alais, laissez-nous vous [&hellip;]<\/p>\n","protected":false},"author":1,"featured_media":0,"parent":0,"menu_order":0,"comment_status":"closed","ping_status":"closed","template":"","meta":[],"_links":{"self":[{"href":"https:\/\/taxiwestisland.com\/fr\/wp-json\/wp\/v2\/pages\/878"}],"collection":[{"href":"https:\/\/taxiwestisland.com\/fr\/wp-json\/wp\/v2\/pages"}],"about":[{"href":"https:\/\/taxiwestisland.com\/fr\/wp-json\/wp\/v2\/types\/page"}],"author":[{"embeddable":true,"href":"https:\/\/taxiwestisland.com\/fr\/wp-json\/wp\/v2\/users\/1"}],"replies":[{"embeddable":true,"href":"https:\/\/taxiwestisland.com\/fr\/wp-json\/wp\/v2\/comments?post=878"}],"version-history":[{"count":8,"href":"https:\/\/taxiwestisland.com\/fr\/wp-json\/wp\/v2\/pages\/878\/revisions"}],"predecessor-version":[{"id":1442,"href":"https:\/\/taxiwestisland.com\/fr\/wp-json\/wp\/v2\/pages\/878\/revisions\/1442"}],"wp:attachment":[{"href":"https:\/\/taxiwestisland.com\/fr\/wp-json\/wp\/v2\/media?parent=878"}],"curies":[{"name":"wp","href":"https:\/\/api.w.org\/{rel}","templated":true}]}}