{"id":880,"date":"2018-01-13T17:42:44","date_gmt":"2018-01-13T22:42:44","guid":{"rendered":"http:\/\/v2.taxiwestisland.com\/?page_id=880"},"modified":"2023-10-04T13:19:15","modified_gmt":"2023-10-04T17:19:15","slug":"paratransit","status":"publish","type":"page","link":"https:\/\/taxiwestisland.com\/fr\/paratransit\/","title":{"rendered":"Transport adapt\u00e9"},"content":{"rendered":"<p>[vc_row][vc_column][\/vc_column][\/vc_row][vc_row][vc_column width=\u00a0\u00bb1\/2&Prime;][vc_column_text css_animation=\u00a0\u00bbfadeInUp\u00a0\u00bb]<\/p>\n<h1 class=\"western\"><u><b>TRANSPORT ADAPT\u00c9<\/b><\/u><\/h1>\n<p>La Coop Taxi De L\u2019ouest offre des services de transport pour les personnes ayant une d\u00e9ficience, les personnes \u00e2g\u00e9es et la soci\u00e9t\u00e9 de transport de Montr\u00e9al (STM). Nos chauffeurs de transport adapt\u00e9 ont suivi une formation sp\u00e9cialis\u00e9e afin de mieux servir notre client\u00e8le.<\/p>\n<p><strong>Communiquer avec nous pour faire une r\u00e9servation<\/strong>: [\/vc_column_text][vc_row_inner][vc_column_inner width=\u00a0\u00bb1\/3&Prime;][vc_btn title=\u00a0\u00bbAPPELEZ NOUS!\u00a0\u00bb style=\u00a0\u00bboutline-custom\u00a0\u00bb outline_custom_color=\u00a0\u00bb#36ad00&Prime; outline_custom_hover_background=\u00a0\u00bb#36ad00&Prime; outline_custom_hover_text=\u00a0\u00bb#ffffff\u00a0\u00bb shape=\u00a0\u00bbround\u00a0\u00bb size=\u00a0\u00bblg\u00a0\u00bb css_animation=\u00a0\u00bbfadeInRight\u00a0\u00bb link=\u00a0\u00bburl:tel%3A5146366666|||\u00a0\u00bb][\/vc_column_inner][vc_column_inner width=\u00a0\u00bb1\/2&Prime;][vc_btn title=\u00a0\u00bbCourriel\u00a0\u00bb style=\u00a0\u00bboutline-custom\u00a0\u00bb outline_custom_color=\u00a0\u00bb#36ad00&Prime; outline_custom_hover_background=\u00a0\u00bb#36ad00&Prime; outline_custom_hover_text=\u00a0\u00bb#ffffff\u00a0\u00bb shape=\u00a0\u00bbround\u00a0\u00bb size=\u00a0\u00bblg\u00a0\u00bb css_animation=\u00a0\u00bbfadeInRight\u00a0\u00bb link=\u00a0\u00bburl:mailto%3Ainfo%40cooptaxi.com|||\u00a0\u00bb][\/vc_column_inner][\/vc_row_inner][\/vc_column][vc_column width=\u00a0\u00bb1\/2&Prime;][vc_single_image image=\u00a0\u00bb894&Prime; img_size=\u00a0\u00bblarge\u00a0\u00bb style=\u00a0\u00bbvc_box_circle\u00a0\u00bb css_animation=\u00a0\u00bbslideInLeft\u00a0\u00bb][\/vc_column][\/vc_row][vc_row][vc_column][vc_column_text]<strong>Pour savoir comment b\u00e9n\u00e9ficier du service STM, cliquez ici:<\/strong>[\/vc_column_text][vc_btn title=\u00a0\u00bbEn savoir plus\u00a0\u00bb style=\u00a0\u00bboutline-custom\u00a0\u00bb outline_custom_color=\u00a0\u00bb#36ad00&Prime; outline_custom_hover_background=\u00a0\u00bb#36ad00&Prime; outline_custom_hover_text=\u00a0\u00bb#ffffff\u00a0\u00bb shape=\u00a0\u00bbround\u00a0\u00bb size=\u00a0\u00bblg\u00a0\u00bb css_animation=\u00a0\u00bbfadeInRight\u00a0\u00bb link=\u00a0\u00bburl:http%3A%2F%2Fwww.stm.info%2Fen%2Fparatransit%2Fabout-paratransit%2Fparatransit-customer-service|||\u00a0\u00bb][\/vc_column][\/vc_row]<\/p>","protected":false},"excerpt":{"rendered":"<p>[vc_row][vc_column][\/vc_column][\/vc_row][vc_row][vc_column width=\u00a0\u00bb1\/2&Prime;][vc_column_text css_animation=\u00a0\u00bbfadeInUp\u00a0\u00bb] TRANSPORT ADAPT\u00c9 La Coop Taxi De L\u2019ouest offre des services de transport pour les personnes ayant une d\u00e9ficience, les personnes \u00e2g\u00e9es et la soci\u00e9t\u00e9 de transport de Montr\u00e9al (STM). Nos chauffeurs de transport adapt\u00e9 ont suivi une formation sp\u00e9cialis\u00e9e afin de mieux servir notre client\u00e8le. Communiquer avec nous pour faire une r\u00e9servation: [&hellip;]<\/p>\n","protected":false},"author":1,"featured_media":0,"parent":0,"menu_order":0,"comment_status":"closed","ping_status":"closed","template":"","meta":[],"_links":{"self":[{"href":"https:\/\/taxiwestisland.com\/fr\/wp-json\/wp\/v2\/pages\/880"}],"collection":[{"href":"https:\/\/taxiwestisland.com\/fr\/wp-json\/wp\/v2\/pages"}],"about":[{"href":"https:\/\/taxiwestisland.com\/fr\/wp-json\/wp\/v2\/types\/page"}],"author":[{"embeddable":true,"href":"https:\/\/taxiwestisland.com\/fr\/wp-json\/wp\/v2\/users\/1"}],"replies":[{"embeddable":true,"href":"https:\/\/taxiwestisland.com\/fr\/wp-json\/wp\/v2\/comments?post=880"}],"version-history":[{"count":15,"href":"https:\/\/taxiwestisland.com\/fr\/wp-json\/wp\/v2\/pages\/880\/revisions"}],"predecessor-version":[{"id":1450,"href":"https:\/\/taxiwestisland.com\/fr\/wp-json\/wp\/v2\/pages\/880\/revisions\/1450"}],"wp:attachment":[{"href":"https:\/\/taxiwestisland.com\/fr\/wp-json\/wp\/v2\/media?parent=880"}],"curies":[{"name":"wp","href":"https:\/\/api.w.org\/{rel}","templated":true}]}}