{"id":882,"date":"2018-01-13T17:43:12","date_gmt":"2018-01-13T22:43:12","guid":{"rendered":"http:\/\/v2.taxiwestisland.com\/?page_id=882"},"modified":"2023-10-04T13:06:35","modified_gmt":"2023-10-04T17:06:35","slug":"extra-services","status":"publish","type":"page","link":"https:\/\/taxiwestisland.com\/fr\/extra-services\/","title":{"rendered":"Services suppl\u00e9mentaires"},"content":{"rendered":"<p>[vc_row][vc_column width=\u00a0\u00bb1\/2&Prime;][vc_column_text css_animation=\u00a0\u00bbfadeInUp\u00a0\u00bb]<strong><u>Service de survoltage de batterie<br \/>\n<\/u><\/strong>Votre voiture ne d\u00e9marre pas? La Coop Taxi de l\u2019Ouest vient \u00e0 votre rescousse. Nos conducteurs exp\u00e9riment\u00e9s vous aideront \u00e0 remettre votre voiture en marche.&nbsp; Le co\u00fbt du service est de 30 $ dollars et est offert \u00e0 longueur d\u2019ann\u00e9e.<strong><u><br \/>\n<\/u><\/strong><\/p>\n<p><strong><u>D\u00e9verrouillage des porti\u00e8res ( Slim Jim)<\/u><\/strong><br \/>\nEnferm\u00e9 \u00e0 l\u2019ext\u00e9rieur de votre v\u00e9hicule ? Pas de probl\u00e8me, la coop taxi de l\u2019ouest est l\u00e0 pour vous aider ! Confiez-nous la t\u00e2che et votre v\u00e9hicule sera d\u00e9verrouill\u00e9 sous peu.&nbsp;Le co\u00fbt du service pour une auto est 40$ dollars et pour un camion 60$. Le service est offert en tout temps.<\/p>\n<p><strong><u>Livraison de colis<br \/>\n<\/u><\/strong>Le plus vite porte \u00e0 porte et fiable transport pour vos colis!Renseignez-vous aupr\u00e8s de notre personnel, il nous fera plaisir de vous guider dans vos d\u00e9marches.[\/vc_column_text][\/vc_column][vc_column width=\u00a0\u00bb1\/2&Prime;][vc_single_image image=\u00a0\u00bb891&Prime; img_size=\u00a0\u00bblarge\u00a0\u00bb alignment=\u00a0\u00bbright\u00a0\u00bb css_animation=\u00a0\u00bbappear\u00a0\u00bb][\/vc_column][\/vc_row]<\/p>\n<div class=\"brz-root__container\"><\/div>","protected":false},"excerpt":{"rendered":"<p>[vc_row][vc_column width=\u00a0\u00bb1\/2&Prime;][vc_column_text css_animation=\u00a0\u00bbfadeInUp\u00a0\u00bb]Service de survoltage de batterie Votre voiture ne d\u00e9marre pas? La Coop Taxi de l\u2019Ouest vient \u00e0 votre rescousse. Nos conducteurs exp\u00e9riment\u00e9s vous aideront \u00e0 remettre votre voiture en marche.&nbsp; Le co\u00fbt du service est de 30 $ dollars et est offert \u00e0 longueur d\u2019ann\u00e9e. D\u00e9verrouillage des porti\u00e8res ( Slim Jim) Enferm\u00e9 \u00e0 [&hellip;]<\/p>\n","protected":false},"author":1,"featured_media":0,"parent":0,"menu_order":0,"comment_status":"closed","ping_status":"closed","template":"","meta":[],"_links":{"self":[{"href":"https:\/\/taxiwestisland.com\/fr\/wp-json\/wp\/v2\/pages\/882"}],"collection":[{"href":"https:\/\/taxiwestisland.com\/fr\/wp-json\/wp\/v2\/pages"}],"about":[{"href":"https:\/\/taxiwestisland.com\/fr\/wp-json\/wp\/v2\/types\/page"}],"author":[{"embeddable":true,"href":"https:\/\/taxiwestisland.com\/fr\/wp-json\/wp\/v2\/users\/1"}],"replies":[{"embeddable":true,"href":"https:\/\/taxiwestisland.com\/fr\/wp-json\/wp\/v2\/comments?post=882"}],"version-history":[{"count":15,"href":"https:\/\/taxiwestisland.com\/fr\/wp-json\/wp\/v2\/pages\/882\/revisions"}],"predecessor-version":[{"id":1439,"href":"https:\/\/taxiwestisland.com\/fr\/wp-json\/wp\/v2\/pages\/882\/revisions\/1439"}],"wp:attachment":[{"href":"https:\/\/taxiwestisland.com\/fr\/wp-json\/wp\/v2\/media?parent=882"}],"curies":[{"name":"wp","href":"https:\/\/api.w.org\/{rel}","templated":true}]}}