{"id":899,"date":"2018-01-17T00:36:32","date_gmt":"2018-01-17T05:36:32","guid":{"rendered":"http:\/\/v2.taxiwestisland.com\/?page_id=899"},"modified":"2023-10-12T17:49:46","modified_gmt":"2023-10-12T21:49:46","slug":"meet-and-greet","status":"publish","type":"page","link":"https:\/\/taxiwestisland.com\/fr\/meet-and-greet\/","title":{"rendered":"Rencontrer et Accueillir"},"content":{"rendered":"<p>[vc_row][vc_column width=\u00a0\u00bb1\/2&Prime;][vc_column_text]<\/p>\n<p class=\"western\"><u><b>Rencontrer et Accueillir<\/b><\/u><\/p>\n<p class=\"western\" style=\"margin: 0in; margin-bottom: .0001pt; text-align: justify;\"><span lang=\"FR-CA\" style=\"font-family: 'Arial','sans-serif';\"><span style=\"color: #1f1f1f;\">Lorsque vous voyagez pour affaires ou pour toute autre raison, nous sommes \u00e0 votre disposition pour organiser votre transport en provenance du monde entier.<br \/>\n<\/span><\/span><\/p>\n<p class=\"western\" style=\"margin: 0in; margin-bottom: .0001pt; text-align: justify;\"><span lang=\"FR-CA\" style=\"font-family: 'Arial','sans-serif';\"><span style=\"color: #1f1f1f;\">Notre service d\u2019accueil VIP propose une exp\u00e9rience in\u00e9gal\u00e9e de l\u2019a\u00e9roport \u00e0 n\u2019importe quelle destination. Un ramassage unique et un chauffeur d\u2019exp\u00e9rience font une grande diff\u00e9rence.<br \/>\n<\/span><\/span><\/p>\n<p class=\"western\" style=\"margin: 0in; margin-bottom: .0001pt; text-align: justify;\"><span lang=\"FR-CA\" style=\"font-family: 'Arial','sans-serif';\"><span style=\"color: #1f1f1f;\">D\u00e9couvrez notre syst\u00e8me de coupons \u00e9lectroniques (E-Coupon), qui vous permet de faire parvenir des coupons de taxi par courriel \u00e0 vos clients ou \u00e0 vos employ\u00e9s. Ces coupons sont accept\u00e9s \u00e0 l\u2019a\u00e9roport ou ailleurs sur l\u2019\u00eele de Montr\u00e9al.<\/span><\/span><\/p>\n<p class=\"western\" style=\"margin: 0in; margin-bottom: .0001pt; text-align: justify;\"><span lang=\"FR-CA\" style=\"font-family: 'Arial','sans-serif';\"><span style=\"color: #1f1f1f;\">Pour en savoir d\u2019avantage, veuillez communiquer avec nous:[\/vc_column_text][vc_row_inner][vc_column_inner width=\u00a0\u00bb1\/3&Prime;][vc_btn title=\u00a0\u00bbAPPELEZ NOUS!\u00a0\u00bb style=\u00a0\u00bboutline-custom\u00a0\u00bb outline_custom_color=\u00a0\u00bb#36ad00&Prime; outline_custom_hover_background=\u00a0\u00bb#36ad00&Prime; outline_custom_hover_text=\u00a0\u00bb#ffffff\u00a0\u00bb shape=\u00a0\u00bbround\u00a0\u00bb size=\u00a0\u00bblg\u00a0\u00bb css_animation=\u00a0\u00bbfadeInRight\u00a0\u00bb link=\u00a0\u00bburl:tel%3A5146366666|||\u00a0\u00bb][\/vc_column_inner][vc_column_inner width=\u00a0\u00bb1\/2&Prime;][vc_btn title=\u00a0\u00bbCourriel\u00a0\u00bb style=\u00a0\u00bboutline-custom\u00a0\u00bb outline_custom_color=\u00a0\u00bb#36ad00&Prime; outline_custom_hover_background=\u00a0\u00bb#36ad00&Prime; outline_custom_hover_text=\u00a0\u00bb#ffffff\u00a0\u00bb shape=\u00a0\u00bbround\u00a0\u00bb size=\u00a0\u00bblg\u00a0\u00bb css_animation=\u00a0\u00bbfadeInRight\u00a0\u00bb link=\u00a0\u00bburl:mailto%3Ainfo%40cooptaxi.com|||\u00a0\u00bb][\/vc_column_inner][\/vc_row_inner][\/vc_column][vc_column width=\u00a0\u00bb1\/2&Prime;][vc_single_image image=\u00a0\u00bb1675&Prime; img_size=\u00a0\u00bblarge\u00a0\u00bb alignment=\u00a0\u00bbcenter\u00a0\u00bb style=\u00a0\u00bbvc_box_rounded\u00a0\u00bb css_animation=\u00a0\u00bbbounceInRight\u00a0\u00bb][\/vc_column][\/vc_row]<\/span><\/span><\/p>\n<p><\/p>","protected":false},"excerpt":{"rendered":"<p>[vc_row][vc_column width=\u00a0\u00bb1\/2&Prime;][vc_column_text] Rencontrer et Accueillir Lorsque vous voyagez pour affaires ou pour toute autre raison, nous sommes \u00e0 votre disposition pour organiser votre transport en provenance du monde entier. Notre service d\u2019accueil VIP propose une exp\u00e9rience in\u00e9gal\u00e9e de l\u2019a\u00e9roport \u00e0 n\u2019importe quelle destination. Un ramassage unique et un chauffeur d\u2019exp\u00e9rience font une grande diff\u00e9rence. D\u00e9couvrez [&hellip;]<\/p>\n","protected":false},"author":1,"featured_media":0,"parent":0,"menu_order":0,"comment_status":"closed","ping_status":"closed","template":"","meta":[],"_links":{"self":[{"href":"https:\/\/taxiwestisland.com\/fr\/wp-json\/wp\/v2\/pages\/899"}],"collection":[{"href":"https:\/\/taxiwestisland.com\/fr\/wp-json\/wp\/v2\/pages"}],"about":[{"href":"https:\/\/taxiwestisland.com\/fr\/wp-json\/wp\/v2\/types\/page"}],"author":[{"embeddable":true,"href":"https:\/\/taxiwestisland.com\/fr\/wp-json\/wp\/v2\/users\/1"}],"replies":[{"embeddable":true,"href":"https:\/\/taxiwestisland.com\/fr\/wp-json\/wp\/v2\/comments?post=899"}],"version-history":[{"count":15,"href":"https:\/\/taxiwestisland.com\/fr\/wp-json\/wp\/v2\/pages\/899\/revisions"}],"predecessor-version":[{"id":1677,"href":"https:\/\/taxiwestisland.com\/fr\/wp-json\/wp\/v2\/pages\/899\/revisions\/1677"}],"wp:attachment":[{"href":"https:\/\/taxiwestisland.com\/fr\/wp-json\/wp\/v2\/media?parent=899"}],"curies":[{"name":"wp","href":"https:\/\/api.w.org\/{rel}","templated":true}]}}