{"id":916,"date":"2018-01-17T02:28:08","date_gmt":"2018-01-17T07:28:08","guid":{"rendered":"http:\/\/v2.taxiwestisland.com\/?page_id=916"},"modified":"2023-10-04T13:21:52","modified_gmt":"2023-10-04T17:21:52","slug":"school-transport","status":"publish","type":"page","link":"https:\/\/taxiwestisland.com\/fr\/school-transport\/","title":{"rendered":"Transport scolaire"},"content":{"rendered":"<p>[vc_row css_animation=\u00a0\u00bbfadeInLeft\u00a0\u00bb][vc_column width=\u00a0\u00bb1\/2&Prime;][vc_column_text css_animation=\u00a0\u00bblightSpeedIn\u00a0\u00bb]<\/p>\n<p class=\"western\"><u><b>Transport scolaire et parascolaire personnalis\u00e9<\/b><\/u><\/p>\n<p>La Coop Taxi de l\u2019Ouest offre un service de transport scolaire personnalis\u00e9 aux parents qui le souhaitent. Le transport parascolaire sera \u00e9galement offert aux enfants qui prennent part \u00e0 diff\u00e9rents types d\u2019activit\u00e9s en dehors de leur horaire habituel.<\/p>\n<p>Nous avons pour mission de faciliter la gestion du temps des parents, de simplifier leur vie et de r\u00e9duire leur niveau de stress.<\/p>\n<p><strong>Communiquez avec nous pour conna\u00eetre comment nos conducteurs professionnels peuvent r\u00e9pondre en toute s\u00e9curit\u00e9 aux besoins de transport de vos enfants:<\/strong><\/p>\n<p>[\/vc_column_text][vc_row_inner][vc_column_inner width=\u00a0\u00bb1\/3&Prime;][vc_btn title=\u00a0\u00bbAPPELEZ NOUS!\u00a0\u00bb style=\u00a0\u00bboutline-custom\u00a0\u00bb outline_custom_color=\u00a0\u00bb#36ad00&Prime; outline_custom_hover_background=\u00a0\u00bb#36ad00&Prime; outline_custom_hover_text=\u00a0\u00bb#ffffff\u00a0\u00bb shape=\u00a0\u00bbround\u00a0\u00bb size=\u00a0\u00bblg\u00a0\u00bb css_animation=\u00a0\u00bbfadeInRight\u00a0\u00bb link=\u00a0\u00bburl:tel%3A5146366666|||\u00a0\u00bb][\/vc_column_inner][vc_column_inner width=\u00a0\u00bb1\/2&Prime;][vc_btn title=\u00a0\u00bbCourriel\u00a0\u00bb style=\u00a0\u00bboutline-custom\u00a0\u00bb outline_custom_color=\u00a0\u00bb#36ad00&Prime; outline_custom_hover_background=\u00a0\u00bb#36ad00&Prime; outline_custom_hover_text=\u00a0\u00bb#ffffff\u00a0\u00bb shape=\u00a0\u00bbround\u00a0\u00bb size=\u00a0\u00bblg\u00a0\u00bb css_animation=\u00a0\u00bbfadeInRight\u00a0\u00bb link=\u00a0\u00bburl:mailto%3Ainfo%40cooptaxi.com|||\u00a0\u00bb][\/vc_column_inner][\/vc_row_inner][\/vc_column][vc_column width=\u00a0\u00bb1\/2&Prime;][vc_single_image image=\u00a0\u00bb892&Prime; img_size=\u00a0\u00bblarge\u00a0\u00bb alignment=\u00a0\u00bbcenter\u00a0\u00bb style=\u00a0\u00bbvc_box_shadow_circle\u00a0\u00bb css_animation=\u00a0\u00bbbounceInRight\u00a0\u00bb][\/vc_column][\/vc_row]<\/p>","protected":false},"excerpt":{"rendered":"<p>[vc_row css_animation=\u00a0\u00bbfadeInLeft\u00a0\u00bb][vc_column width=\u00a0\u00bb1\/2&Prime;][vc_column_text css_animation=\u00a0\u00bblightSpeedIn\u00a0\u00bb] Transport scolaire et parascolaire personnalis\u00e9 La Coop Taxi de l\u2019Ouest offre un service de transport scolaire personnalis\u00e9 aux parents qui le souhaitent. Le transport parascolaire sera \u00e9galement offert aux enfants qui prennent part \u00e0 diff\u00e9rents types d\u2019activit\u00e9s en dehors de leur horaire habituel. Nous avons pour mission de faciliter la gestion [&hellip;]<\/p>\n","protected":false},"author":1,"featured_media":0,"parent":0,"menu_order":0,"comment_status":"closed","ping_status":"closed","template":"","meta":[],"_links":{"self":[{"href":"https:\/\/taxiwestisland.com\/fr\/wp-json\/wp\/v2\/pages\/916"}],"collection":[{"href":"https:\/\/taxiwestisland.com\/fr\/wp-json\/wp\/v2\/pages"}],"about":[{"href":"https:\/\/taxiwestisland.com\/fr\/wp-json\/wp\/v2\/types\/page"}],"author":[{"embeddable":true,"href":"https:\/\/taxiwestisland.com\/fr\/wp-json\/wp\/v2\/users\/1"}],"replies":[{"embeddable":true,"href":"https:\/\/taxiwestisland.com\/fr\/wp-json\/wp\/v2\/comments?post=916"}],"version-history":[{"count":10,"href":"https:\/\/taxiwestisland.com\/fr\/wp-json\/wp\/v2\/pages\/916\/revisions"}],"predecessor-version":[{"id":1454,"href":"https:\/\/taxiwestisland.com\/fr\/wp-json\/wp\/v2\/pages\/916\/revisions\/1454"}],"wp:attachment":[{"href":"https:\/\/taxiwestisland.com\/fr\/wp-json\/wp\/v2\/media?parent=916"}],"curies":[{"name":"wp","href":"https:\/\/api.w.org\/{rel}","templated":true}]}}